{"id":16,"date":"2016-01-09T10:09:34","date_gmt":"2016-01-09T10:09:34","guid":{"rendered":"http:\/\/hej.toomat.se\/?page_id=16"},"modified":"2016-01-09T10:09:34","modified_gmt":"2016-01-09T10:09:34","slug":"veganska-alternativ","status":"publish","type":"page","link":"http:\/\/toomat.se\/index.php\/veganska-alternativ\/","title":{"rendered":"Veganska alternativ"},"content":{"rendered":"<ul>\n<li><strong><strong><a href=\"http:\/\/oumph.se\/en\/\">Oumph<\/a><\/strong><\/strong><\/li>\n<li><strong><strong><a href=\"http:\/\/www.halsanskok.se\/index.asp\">H\u00e4lsans k\u00f6k<\/a><\/strong><\/strong><\/li>\n<li><strong><strong><a href=\"http:\/\/anamma.eu\/sv\/index.php\">Anamma<\/a><\/strong><\/strong><\/li>\n<li><strong><strong><a href=\"http:\/\/www.oatly.com\">Oatly<\/a><\/strong><\/strong><\/li>\n<li><strong><strong><a href=\"http:\/\/astridochaporna.se\">Astrid och aporna<\/a><\/strong><\/strong><\/li>\n<li><strong><strong><a href=\"http:\/\/www.veggi.se\/\">Veggi<\/a><\/strong><\/strong><\/li>\n<li><strong><strong><a href=\"http:\/\/www.frysvegetarian.se\">Fry&#8217;s<\/a><\/strong><\/strong><\/li>\n<li><strong><a href=\"http:\/\/www.oatly.com\">Oatly<\/a><\/strong><\/li>\n<li><strong><a href=\"http:\/\/www.alpro.com\/se\">Alpro<\/a><\/strong><\/li>\n<li><strong><a href=\"http:\/\/www.planti.se\">Planti soygurt<\/a><\/strong><\/li>\n<li>Flora mj\u00f6lkfri margarin<\/li>\n<\/ul>\n<p>Butik med det mesta!<br \/>\n<strong><a href=\"http:\/\/www.goodstore.se\">Goodstore<\/a><\/strong><\/p>\n","protected":false},"excerpt":{"rendered":"<p>Oumph H\u00e4lsans k\u00f6k Anamma Oatly Astrid och aporna Veggi Fry&#8217;s Oatly Alpro Planti soygurt Flora mj\u00f6lkfri margarin Butik med det mesta! Goodstore<\/p>\n","protected":false},"author":1,"featured_media":0,"parent":0,"menu_order":0,"comment_status":"closed","ping_status":"open","template":"","meta":{"footnotes":""},"class_list":["post-16","page","type-page","status-publish","hentry"],"_links":{"self":[{"href":"http:\/\/toomat.se\/index.php\/wp-json\/wp\/v2\/pages\/16","targetHints":{"allow":["GET"]}}],"collection":[{"href":"http:\/\/toomat.se\/index.php\/wp-json\/wp\/v2\/pages"}],"about":[{"href":"http:\/\/toomat.se\/index.php\/wp-json\/wp\/v2\/types\/page"}],"author":[{"embeddable":true,"href":"http:\/\/toomat.se\/index.php\/wp-json\/wp\/v2\/users\/1"}],"replies":[{"embeddable":true,"href":"http:\/\/toomat.se\/index.php\/wp-json\/wp\/v2\/comments?post=16"}],"version-history":[{"count":0,"href":"http:\/\/toomat.se\/index.php\/wp-json\/wp\/v2\/pages\/16\/revisions"}],"wp:attachment":[{"href":"http:\/\/toomat.se\/index.php\/wp-json\/wp\/v2\/media?parent=16"}],"curies":[{"name":"wp","href":"https:\/\/api.w.org\/{rel}","templated":true}]}}