{"id":574,"date":"2017-01-06T19:26:57","date_gmt":"2017-01-06T19:26:57","guid":{"rendered":"http:\/\/hej.toomat.se\/?page_id=574"},"modified":"2017-01-06T19:26:57","modified_gmt":"2017-01-06T19:26:57","slug":"lista-recept","status":"publish","type":"page","link":"http:\/\/toomat.se\/index.php\/lista-recept\/","title":{"rendered":"Lista-recept"},"content":{"rendered":"<p><strong>Huvudr\u00e4tter<\/strong><br \/>\n<a href=\"http:\/\/hej.toomat.se\/?p=341\"> Auberginerullar <\/a><br \/>\n<a href=\"http:\/\/hej.toomat.se\/?p=542\"> Bakad rotselleri <\/a><br \/>\n<a href=\"http:\/\/hej.toomat.se\/?p=380\"> Blomk\u00e5lscurry <\/a><br \/>\n<a href=\"http:\/\/hej.toomat.se\/?p=93\"> Carpaccio p\u00e5 tofu med potatisgrat\u00e4ng <\/a><br \/>\n<a href=\"http:\/\/hej.toomat.se\/?p=90\"> Chiligryta med kidneyb\u00f6nor <\/a><br \/>\n<a href=\"http:\/\/hej.toomat.se\/?p=254\"> En god lasagne <\/a><br \/>\n<a href=\"http:\/\/hej.toomat.se\/?p=498\"> Enkel tofugryta <\/a><br \/>\n<a href=\"http:\/\/hej.toomat.se\/?p=450\"> Hemmagjord pizzadeg <\/a><br \/>\n<a href=\"http:\/\/hej.toomat.se\/?p=157\"> Kik\u00e4rtscurry <\/a><br \/>\n<a href=\"http:\/\/hej.toomat.se\/?p=618\"> Linsburgare <\/a><br \/>\n<a href=\"http:\/\/hej.toomat.se\/?p=554\"> Linsdahl <\/a><br \/>\n<a href=\"http:\/\/hej.toomat.se\/?p=8\"> Linsgryta <\/a><br \/>\n<a href=\"http:\/\/hej.toomat.se\/?p=523\"> Mandelmj\u00f6l-veg-bullar <\/a><br \/>\n<a href=\"http:\/\/hej.toomat.se\/?p=585\"> Morotspesto med svarta b\u00f6nor och pasta<\/a><br \/>\n<a href=\"http:\/\/hej.toomat.se\/?p=626\"> Panko-aubergine<\/a><br \/>\n<a href=\"http:\/\/hej.toomat.se\/?p=37\"> Pasta belugnese <\/a><br \/>\n<a href=\"http:\/\/hej.toomat.se\/?p=116\"> Pasta puylognese <\/a><br \/>\n<a href=\"http:\/\/hej.toomat.se\/?p=58\"> Pulled oumph med ugnsrostad potatis och tzatziki <\/a><br \/>\n<a href=\"http:\/\/hej.toomat.se\/?p=552\"> Raggmunkar <\/a><br \/>\n<a href=\"http:\/\/hej.toomat.se\/?p=191\"> Supergod pizza <\/a><br \/>\n<a href=\"http:\/\/hej.toomat.se\/?p=334\"> Sk\u00f6rdetallrik med sm\u00e5 mor\u00f6tter, palsternacka och rotselleripur\u00e8 <\/a><br \/>\n<a href=\"http:\/\/hej.toomat.se\/?p=331\"> Svamp\/Tofustroganoff <\/a><br \/>\n<a href=\"http:\/\/hej.toomat.se\/?p=188\"> Tacos! <\/a><br \/>\n<a href=\"http:\/\/hej.toomat.se\/?p=265\"> Toppensallad! <\/a><br \/>\n<a href=\"http:\/\/hej.toomat.se\/?p=518\"> Tofuspj\u00e4ll <\/a><br \/>\n<a href=\"http:\/\/hej.toomat.se\/?p=431\"> Tofu p\u00e5 kik\u00e4rtor <\/a><br \/>\n<a href=\"http:\/\/hej.toomat.se\/?p=526\"> Veganssons frestelse <\/a><br \/>\n<a href=\"http:\/\/hej.toomat.se\/?p=495\"> VegL\u00e5da <\/a><br \/>\n<strong>R\u00f6ror<\/strong><br \/>\n<a href=\"http:\/\/hej.toomat.se\/?p=122\"> Baba ganoush <\/a><br \/>\n<a href=\"http:\/\/hej.toomat.se\/?p=22\"> Hummus <\/a><br \/>\n<a href=\"http:\/\/hej.toomat.se\/?p=65\"> Linsr\u00f6ra <\/a><br \/>\n<a href=\"http:\/\/hej.toomat.se\/?p=435\"> L\u00e4tt \u00e4rtpesto <\/a><br \/>\n<a href=\"http:\/\/hej.toomat.se\/?p=624\"> Morotshummus <\/a><br \/>\n<a href=\"http:\/\/hej.toomat.se\/?p=229\"> R\u00f6kt tofur\u00f6ra <\/a><br \/>\n<a href=\"http:\/\/hej.toomat.se\/?p=108\"> Vegansk ricotta <\/a><br \/>\n<a href=\"http:\/\/hej.toomat.se\/?p=620\"> Vit b\u00f6nkr\u00e4m <\/a><br \/>\n<a href=\"http:\/\/hej.toomat.se\/?p=353\"> V\u00e4rldens godaste toomats\u00e5s <\/a><br \/>\n<strong>S\u00f6tsaker<\/strong><br \/>\n<a href=\"http:\/\/hej.toomat.se\/?p=397\"> Bl\u00e5b\u00e4rsbullar <\/a><br \/>\n<a href=\"http:\/\/hej.toomat.se\/?p=129\"> Bullar med kanel <\/a><br \/>\n<a href=\"http:\/\/hej.toomat.se\/?p=137\"> Chokladkolas\u00e5s <\/a><br \/>\n<a href=\"http:\/\/hej.toomat.se\/?p=177\"> Choklad\/kladdkaka <\/a><br \/>\n<a href=\"http:\/\/hej.toomat.se\/?p=110\"> Godaste snickerskakan <\/a><br \/>\n<a href=\"http:\/\/hej.toomat.se\/?p=474\"> Hallon- och rabarberkaka <\/a><br \/>\n<a href=\"http:\/\/hej.toomat.se\/?p=339\"> Helenas rabarber- och jordgubbskaka <\/a><br \/>\n<a href=\"http:\/\/hej.toomat.se\/?p=516\"> Kn\u00e4ck <\/a><br \/>\n<a href=\"http:\/\/hej.toomat.se\/?p=385\"> Rabarberpaj <\/a><br \/>\n<a href=\"http:\/\/hej.toomat.se\/?p=422\"> Snygga schackrutor <\/a><br \/>\n<a href=\"http:\/\/hej.toomat.se\/?p=463\"> SommarSmoothie <\/a><br \/>\n<a href=\"http:\/\/hej.toomat.se\/?p=104\"> S\u00f6t jordn\u00f6tskr\u00e4m <\/a><br \/>\n<a href=\"http:\/\/hej.toomat.se\/?p=501\"> Tunna pannkakor <\/a><br \/>\n<a href=\"http:\/\/hej.toomat.se\/?p=235\"> Veganska amerikanska pannkakor <\/a><br \/>\n<a href=\"http:\/\/hej.toomat.se\/?p=31\"> Veganska cookies <\/a><br \/>\n<a href=\"http:\/\/hej.toomat.se\/?p=355\"> Vegov\u00e5fflor <\/a><br \/>\n<a href=\"http:\/\/hej.toomat.se\/?p=490\"> \u00c4ppelpaj <\/a><br \/>\n<strong>Soppor<\/strong><br \/>\n<a href=\"http:\/\/hej.toomat.se\/?p=169\"> Asiatisk nudelsoppa <\/a><br \/>\n<a href=\"http:\/\/hej.toomat.se\/?p=27\"> Champinjonsoppa <\/a><br \/>\n<a href=\"http:\/\/hej.toomat.se\/?p=371\"> Madeleines italienska tomatsoppa med \u00f6rtcr\u00e8me <\/a><br \/>\n<a href=\"http:\/\/hej.toomat.se\/?p=33\"> Tomatsoppa <\/a><br \/>\n<strong>Br\u00f6d<\/strong><br \/>\n<a href=\"http:\/\/hej.toomat.se\/?p=206\"> Baka surdegsbr\u00f6d <\/a><br \/>\n<a href=\"http:\/\/hej.toomat.se\/?p=42\"> Br\u00f6dpinnar med rosmarin <\/a><br \/>\n<a href=\"http:\/\/hej.toomat.se\/?p=164\"> Calles sk\u00e5llade r\u00e5gbr\u00f6d <\/a><br \/>\n<a href=\"http:\/\/hej.toomat.se\/?p=603\"> Emmerbr\u00f6d <\/a><br \/>\n<a href=\"http:\/\/hej.toomat.se\/?p=561\"> Enkla stekpannebr\u00f6d <\/a><br \/>\n<a href=\"http:\/\/hej.toomat.se\/?p=29\"> Fr\u00f6kn\u00e4cke <\/a><br \/>\n<a href=\"http:\/\/hej.toomat.se\/?p=209\"> Keep the sourdough alive <\/a><br \/>\n<a href=\"http:\/\/hej.toomat.se\/?p=605\"> Kn\u00e4ckebr\u00f6d <\/a><br \/>\n<a href=\"http:\/\/hej.toomat.se\/?p=583\"> L\u00e5ngsamt luftigt br\u00f6d <\/a><br \/>\n<a href=\"http:\/\/hej.toomat.se\/?p=374\"> Naanbr\u00f6d <\/a><br \/>\n<a href=\"http:\/\/hej.toomat.se\/?p=459\"> Schysst Morotsbr\u00f6d <\/a><br \/>\n<a href=\"http:\/\/hej.toomat.se\/?p=242\"> Sk\u00e5llade snabbfrallor <\/a><br \/>\n<a href=\"http:\/\/hej.toomat.se\/?p=193\"> Surdegskultur <\/a><br \/>\n<strong>Sm\u00e5r\u00e4tter<\/strong><br \/>\n<a href=\"http:\/\/hej.toomat.se\/?p=361\"> Aubergine ist\u00e4llet f\u00f6r sill <\/a><br \/>\n<a href=\"http:\/\/hej.toomat.se\/?p=514\"> Brynt Brysselk\u00e5l <\/a><br \/>\n<a href=\"http:\/\/hej.toomat.se\/?p=67\"> Oumphsnittar <\/a><br \/>\n<a href=\"http:\/\/hej.toomat.se\/?p=622\"> Tomatsallad med mynta <\/a><\/p>\n","protected":false},"excerpt":{"rendered":"<p>Huvudr\u00e4tter Auberginerullar Bakad rotselleri Blomk\u00e5lscurry Carpaccio p\u00e5 tofu med potatisgrat\u00e4ng Chiligryta med kidneyb\u00f6nor En god lasagne Enkel tofugryta Hemmagjord pizzadeg Kik\u00e4rtscurry Linsburgare Linsdahl Linsgryta Mandelmj\u00f6l-veg-bullar Morotspesto med svarta b\u00f6nor och pasta Panko-aubergine Pasta belugnese Pasta puylognese Pulled oumph med ugnsrostad potatis och tzatziki Raggmunkar Supergod pizza Sk\u00f6rdetallrik med sm\u00e5 mor\u00f6tter, palsternacka och rotselleripur\u00e8 Svamp\/Tofustroganoff Tacos! [&hellip;]<\/p>\n","protected":false},"author":1,"featured_media":0,"parent":0,"menu_order":0,"comment_status":"closed","ping_status":"open","template":"","meta":{"footnotes":""},"class_list":["post-574","page","type-page","status-publish","hentry"],"_links":{"self":[{"href":"http:\/\/toomat.se\/index.php\/wp-json\/wp\/v2\/pages\/574","targetHints":{"allow":["GET"]}}],"collection":[{"href":"http:\/\/toomat.se\/index.php\/wp-json\/wp\/v2\/pages"}],"about":[{"href":"http:\/\/toomat.se\/index.php\/wp-json\/wp\/v2\/types\/page"}],"author":[{"embeddable":true,"href":"http:\/\/toomat.se\/index.php\/wp-json\/wp\/v2\/users\/1"}],"replies":[{"embeddable":true,"href":"http:\/\/toomat.se\/index.php\/wp-json\/wp\/v2\/comments?post=574"}],"version-history":[{"count":0,"href":"http:\/\/toomat.se\/index.php\/wp-json\/wp\/v2\/pages\/574\/revisions"}],"wp:attachment":[{"href":"http:\/\/toomat.se\/index.php\/wp-json\/wp\/v2\/media?parent=574"}],"curies":[{"name":"wp","href":"https:\/\/api.w.org\/{rel}","templated":true}]}}