{"id":631,"date":"2017-05-27T20:01:40","date_gmt":"2017-05-27T20:01:40","guid":{"rendered":"http:\/\/hej.toomat.se\/?page_id=631"},"modified":"2017-05-27T20:01:40","modified_gmt":"2017-05-27T20:01:40","slug":"lankar","status":"publish","type":"page","link":"http:\/\/toomat.se\/index.php\/lankar\/","title":{"rendered":"L\u00e4nkar"},"content":{"rendered":"<p>&#8211;&nbsp;<a href=\"https:\/\/www.djurensratt.se\">Djurensr\u00e4tt<\/a>&nbsp;\u00e4r alltid informativt. Ocks\u00e5 med <a href=\"http:\/\/www.vegokoll.se\">vegonyheter<\/a>!<br \/>\n&#8211;&nbsp;<a href=\"http:\/\/www.vegan.se\">vegan.se<\/a><br \/>\n&#8211; Listor med veganska produkter <a href=\"http:\/\/www.vegokoll.se\/vegolistan\">h\u00e4r<\/a> och <a href=\"https:\/\/www.peta.org\/living\/food\/vegan-cereal-guide\/\">h\u00e4r<\/a>.<br \/>\n&#8211; <a href=\"http:\/\/greenlaces.se\">Veganska skor<\/a> och <a href=\"http:\/\/www.thrivestore.se\">kl\u00e4der<\/a>.<\/p>\n","protected":false},"excerpt":{"rendered":"<p>&#8211;&nbsp;Djurensr\u00e4tt&nbsp;\u00e4r alltid informativt. Ocks\u00e5 med vegonyheter! &#8211;&nbsp;vegan.se &#8211; Listor med veganska produkter h\u00e4r och h\u00e4r. &#8211; Veganska skor och kl\u00e4der.<\/p>\n","protected":false},"author":1,"featured_media":0,"parent":0,"menu_order":0,"comment_status":"closed","ping_status":"open","template":"","meta":{"footnotes":""},"class_list":["post-631","page","type-page","status-publish","hentry"],"_links":{"self":[{"href":"http:\/\/toomat.se\/index.php\/wp-json\/wp\/v2\/pages\/631","targetHints":{"allow":["GET"]}}],"collection":[{"href":"http:\/\/toomat.se\/index.php\/wp-json\/wp\/v2\/pages"}],"about":[{"href":"http:\/\/toomat.se\/index.php\/wp-json\/wp\/v2\/types\/page"}],"author":[{"embeddable":true,"href":"http:\/\/toomat.se\/index.php\/wp-json\/wp\/v2\/users\/1"}],"replies":[{"embeddable":true,"href":"http:\/\/toomat.se\/index.php\/wp-json\/wp\/v2\/comments?post=631"}],"version-history":[{"count":0,"href":"http:\/\/toomat.se\/index.php\/wp-json\/wp\/v2\/pages\/631\/revisions"}],"wp:attachment":[{"href":"http:\/\/toomat.se\/index.php\/wp-json\/wp\/v2\/media?parent=631"}],"curies":[{"name":"wp","href":"https:\/\/api.w.org\/{rel}","templated":true}]}}