{"id":840,"date":"2020-04-12T08:38:39","date_gmt":"2020-04-12T08:38:39","guid":{"rendered":"http:\/\/www.toomat.se\/?page_id=840"},"modified":"2020-04-12T08:38:39","modified_gmt":"2020-04-12T08:38:39","slug":"solroskuppen-2020","status":"publish","type":"page","link":"http:\/\/toomat.se\/index.php\/solroskuppen-2020\/","title":{"rendered":"Solroscupen 2020"},"content":{"rendered":"\n<p><span style=\"color:#1d8f24\" class=\"has-inline-color\">OBS!<\/span><\/p>\n\n\n\n<p><span class=\"has-inline-color has-primary-color\">Nu \u00e4r solroscupen avgjord (om inte det kommer in n\u00e5gra sena resultat),<\/span> se nedan vilken l\u00e4ngd som vann!<br><br><span class=\"has-inline-color has-accent-color\">N\u00e4sta \u00e5r v\u00e4lkomnas ni till toomatcupen 2021 d\u00e5 den tyngsta tomaten ska odlas fram (fr\u00f6n kommer p\u00e5 posten).<\/span><\/p>\n\n\n\n<p>Resultat:<\/p>\n\n\n\n<figure class=\"wp-block-table\"><table class=\"has-subtle-light-gray-background-color has-fixed-layout has-background\"><tbody><tr><td><strong>Delt<\/strong>. <strong>(nr)<\/strong><\/td><td><strong>Juni<\/strong><\/td><td><strong>Juli<\/strong><\/td><td><strong>Aug<\/strong><\/td><td><strong>Sept<\/strong><\/td><td><strong>Diameter (cm) <\/strong><\/td><\/tr><tr><td>1<\/td><td>99<\/td><td>140<\/td><td>NA<\/td><td>NA<\/td><td><\/td><\/tr><tr><td>2<\/td><td>&#8211;<\/td><td>164<\/td><td>NA<\/td><td>NA<\/td><td><\/td><\/tr><tr><td>3<\/td><td>69<\/td><td>85<\/td><td>85 (av)<\/td><td>85(av)<\/td><td><\/td><\/tr><tr><td>4<\/td><td>&#8211;<\/td><td>&#8211;<\/td><td>&#8211;<\/td><td>&#8211;<\/td><td><\/td><\/tr><tr><td>5<\/td><td>&#8211;<\/td><td>&#8211;<\/td><td>&#8211;<\/td><td>&#8211;<\/td><td><\/td><\/tr><tr><td>6<\/td><td>74<\/td><td>110<\/td><td>NA<\/td><td>NA<\/td><td><\/td><\/tr><tr><td>7<\/td><td>0,5<\/td><td>&#8211;<\/td><td>&#8211;<\/td><td>&#8211;<\/td><td><\/td><\/tr><tr><td>8<\/td><td>&#8211;<\/td><td>&#8211;<\/td><td>&#8211;<\/td><td>&#8211;<\/td><td><\/td><\/tr><tr><td>9<\/td><td><span style=\"color:#26bd30\" class=\"has-inline-color\">198<\/span><\/td><td>155<\/td><td>225<\/td><td>NA<\/td><td><\/td><\/tr><tr><td>10<\/td><td>100<\/td><td>190<\/td><td>195<\/td><td>NA<\/td><td><\/td><\/tr><tr><td>11<\/td><td>87<\/td><td>116<\/td><td>NA<\/td><td>NA<\/td><td><\/td><\/tr><tr><td>12<\/td><td>54<\/td><td>89<\/td><td>125<\/td><td>NA<\/td><td><\/td><\/tr><tr><td>13<\/td><td>68<\/td><td><span style=\"color:#26bd30\" class=\"has-inline-color\">170<\/span><\/td><td><span style=\"color:#26bd30\" class=\"has-inline-color\">249<\/span><\/td><td>253<\/td><td><\/td><\/tr><\/tbody><\/table><figcaption>Tabell I: Solrosernas h\u00f6jd (cm)<\/figcaption><\/figure>\n\n\n\n<p>V\u00e4lkommen till \u00e5rets solroscup!<\/p>\n\n\n\n<p><strong>M\u00e5l: <\/strong><br>Odla en s\u00e5 h\u00f6g solros som m\u00f6jligt och hoppas ocks\u00e5 p\u00e5 en s\u00e5 stor solrosblomma vid slutet av s\u00e4songen.<br><br><strong>Regler:<\/strong><br>1) Anv\u00e4nd fr\u00f6na som skickats till dig (<em>Helianthus annuus &#8216;Giganteus&#8217;<\/em>). <br>2) Alla f\u00e5r tv\u00e5 fr\u00f6n i sin inbjudan, om utifall att det ena inte skulle gro (tejpade p\u00e5 insidan ditt kuvert). Men b\u00e5da fr\u00f6n kan anv\u00e4ndas f\u00f6r att testa en alternativ strategi.<br>3) Alla odlingstekniker \u00e4r till\u00e5tna (e.g. inne\/ute, st\u00f6d, n\u00e4ring, hydro, v\u00e4xtlampa, co-kultur etc&#8230;).<br>4) Rapportera in solrosens l\u00e4ngd i cm fr\u00e5n v\u00e4xtens h\u00f6gsta punkt ned till jorden\/vattnet. <br>5) Meddela l\u00e4ngd den sista varje m\u00e5nad via l\u00e4nk som f\u00f6ljde med i ert kuvert.<br>6) Resultaten redovisas p\u00e5 denna sida i takt med att de kommer in.<br><\/p>\n\n\n\n<p><strong>Info om sorten: <\/strong>Kan bli mycket h\u00f6g (ca 2m) vid flitig vattning\/n\u00e4ring. S\u00e5 direkt p\u00e5 v\u00e4xtplatsen maj-juni. Mylla fr\u00f6et 1-2cm djupt. Kan f\u00f6rkultiveras i maj f\u00f6r att ge kraftigare planta och tidigare blomning. Gror efter 7-10 dagar beroende p\u00e5 temp.<\/p>\n\n\n\n<div class=\"wp-block-image\"><figure class=\"aligncenter size-large\"><img decoding=\"async\" src=\"http:\/\/www.toomat.se\/wp-content\/uploads\/2020\/04\/solroscupen2020_logo.png\" alt=\"\" class=\"wp-image-857\"\/><\/figure><\/div>\n\n\n\n<p><\/p>\n","protected":false},"excerpt":{"rendered":"<p>OBS! Nu \u00e4r solroscupen avgjord (om inte det kommer in n\u00e5gra sena resultat), se nedan vilken l\u00e4ngd som vann! N\u00e4sta \u00e5r v\u00e4lkomnas ni till toomatcupen 2021 d\u00e5 den tyngsta tomaten ska odlas fram (fr\u00f6n kommer p\u00e5 posten). Resultat: Delt. (nr) Juni Juli Aug Sept Diameter (cm) 1 99 140 NA NA 2 &#8211; 164 NA [&hellip;]<\/p>\n","protected":false},"author":1,"featured_media":0,"parent":0,"menu_order":0,"comment_status":"closed","ping_status":"closed","template":"","meta":{"footnotes":""},"class_list":["post-840","page","type-page","status-publish","hentry"],"_links":{"self":[{"href":"http:\/\/toomat.se\/index.php\/wp-json\/wp\/v2\/pages\/840","targetHints":{"allow":["GET"]}}],"collection":[{"href":"http:\/\/toomat.se\/index.php\/wp-json\/wp\/v2\/pages"}],"about":[{"href":"http:\/\/toomat.se\/index.php\/wp-json\/wp\/v2\/types\/page"}],"author":[{"embeddable":true,"href":"http:\/\/toomat.se\/index.php\/wp-json\/wp\/v2\/users\/1"}],"replies":[{"embeddable":true,"href":"http:\/\/toomat.se\/index.php\/wp-json\/wp\/v2\/comments?post=840"}],"version-history":[{"count":0,"href":"http:\/\/toomat.se\/index.php\/wp-json\/wp\/v2\/pages\/840\/revisions"}],"wp:attachment":[{"href":"http:\/\/toomat.se\/index.php\/wp-json\/wp\/v2\/media?parent=840"}],"curies":[{"name":"wp","href":"https:\/\/api.w.org\/{rel}","templated":true}]}}